{"id":12,"date":"2013-03-26T07:43:58","date_gmt":"2013-03-26T07:43:58","guid":{"rendered":"http:\/\/lions-hn-franken.de\/?page_id=12"},"modified":"2018-01-20T16:10:08","modified_gmt":"2018-01-20T14:10:08","slug":"grundung","status":"publish","type":"page","link":"https:\/\/lions-hn-franken.de\/","title":{"rendered":"Gr\u00fcndung"},"content":{"rendered":"<p>Der Lions Club Heilbronn-Franken wurde am 12. Juni 1974 gegr\u00fcndet.<\/p>\n<p>Die Charterfeier war am 23.11.1974 im Gro\u00dfen Ratssaal der Stadt Heilbronn<\/p>\n<p>&nbsp;<\/p>\n<p>Gr\u00fcndungspr\u00e4sident: Wilhelm Wegener<\/p>\n<p>Gr\u00fcndungspate: LC Heilbronn<\/p>\n<p>Jumelage: LC Gros de Vaud (CH)<\/p>\n<p>LC Bad Frankenhausen-Kyffh\u00e4user (D)<\/p>\n<p>&nbsp;<\/p>\n<p>In den Jahren seit der Gr\u00fcndung konnten durch eine Vielzahl von Activities mit Veranstaltungen aller Art und dem Spendenaufkommen der Mitglieder beachtliche Geldbetr\u00e4ge erwirtschaftet werden. Mit diesen konnten Einrichtungen und Menschen aus unserer Region unterst\u00fctzt werden, bei welchen staatliche oder andere Hilfen nicht vorgesehen waren oder sind.<\/p>\n<p>Beispiele sind die Unterst\u00fctzung von meseno, Studentenaufenthalte im Ausland, Heilbronner B\u00fcrgerstiftung, Verein f\u00fcr Suchtpr\u00e4vention oder die S\u00fcdstadtKids.<\/p>\n<p>Besondere H\u00f6hepunkte unseres Clubs waren:<\/p>\n<p>&nbsp;<\/p>\n<p>Gr\u00fcndung Leo-Club Neckar-Franken<\/p>\n<p>Gr\u00fcndung LC Hohenlohe (22.04.1978)<\/p>\n<p>Gr\u00fcndung LC Heilbronn-Wartberg (29.11.1996)<\/p>\n<p>Mitgr\u00fcndung LC Bad Wimpfen (17.11.1981)<\/p>\n<p>Mitgr\u00fcndung LC G\u00fcglingen-Zaberg\u00e4u (14.6.1993)<\/p>\n<p>10-j\u00e4hrige Gr\u00fcndungs-Jubil\u00e4ums-Feier<\/p>\n<p>30-Jahre Lions Club Heilbronn-Franken<\/p>\n<p>Get-Together mit der Lions-Band 2006, bei der \u00fcber 25.000 Euro an Spendengelder zusammen gekommen sind<\/p>\n<p>die Gr\u00fcndung des Lions Clubs Bad Frankenhausen-Kyffh\u00e4user (13.6.1991)<\/p>\n<p>die Patenschaft f\u00fcr die Gr\u00fcndung des Lions Clubs Radautz\/Bukowina, Rum\u00e4nien<\/p>\n<p>Sammlung von Hilfsg\u00fctern f\u00fcr Osteuropa<\/p>\n<p>40-Jahre Lions Club Heilbronn-Franken und Jumelage Treffen mit den Partnerclubs (3.10. bis 5.10.2014)<\/p>\n<p>Verleihung des Silbernen L\u00f6wen f\u00fcr das Engagement \"Sonntagssuppe\"<\/p>\n<p>&nbsp;<\/p>\n<p>Der Lions Club Heilbronn-Franken bildet im \u00fcbrigen einen Freundeskreis, der als F\u00f6rderverein LC Heilbronn-Franken gegr\u00fcndet wurde. Neben seinen humanit\u00e4ren Aufgaben werden gemeinsam mit seinen Partnern in freundschaftlicher Verbundenheit auch kulturelle und gesellige Veranstaltungen durchgef\u00fchrt.<\/p>\n","protected":false},"excerpt":{"rendered":"<p>Der Lions Club Heilbronn-Franken wurde am 12. Juni 1974 gegr\u00fcndet. Die Charterfeier war am 23.11.1974 im Gro\u00dfen Ratssaal der Stadt Heilbronn &nbsp; Gr\u00fcndungspr\u00e4sident: Wilhelm Wegener Gr\u00fcndungspate: LC Heilbronn Jumelage: LC Gros de Vaud (CH) LC Bad Frankenhausen-Kyffh\u00e4user (D) &nbsp; In den Jahren seit der Gr\u00fcndung konnten durch eine Vielzahl von Activities mit Veranstaltungen aller Art [&hellip;]<\/p>\n","protected":false},"author":30,"featured_media":0,"parent":0,"menu_order":1,"comment_status":"open","ping_status":"open","template":"","meta":{"footnotes":""},"class_list":["post-12","page","type-page","status-publish","hentry"],"_links":{"self":[{"href":"https:\/\/lions-hn-franken.de\/index.php?rest_route=\/wp\/v2\/pages\/12","targetHints":{"allow":["GET"]}}],"collection":[{"href":"https:\/\/lions-hn-franken.de\/index.php?rest_route=\/wp\/v2\/pages"}],"about":[{"href":"https:\/\/lions-hn-franken.de\/index.php?rest_route=\/wp\/v2\/types\/page"}],"author":[{"embeddable":true,"href":"https:\/\/lions-hn-franken.de\/index.php?rest_route=\/wp\/v2\/users\/30"}],"replies":[{"embeddable":true,"href":"https:\/\/lions-hn-franken.de\/index.php?rest_route=%2Fwp%2Fv2%2Fcomments&post=12"}],"version-history":[{"count":14,"href":"https:\/\/lions-hn-franken.de\/index.php?rest_route=\/wp\/v2\/pages\/12\/revisions"}],"predecessor-version":[{"id":1647,"href":"https:\/\/lions-hn-franken.de\/index.php?rest_route=\/wp\/v2\/pages\/12\/revisions\/1647"}],"wp:attachment":[{"href":"https:\/\/lions-hn-franken.de\/index.php?rest_route=%2Fwp%2Fv2%2Fmedia&parent=12"}],"curies":[{"name":"wp","href":"https:\/\/api.w.org\/{rel}","templated":true}]}}