{"id":15,"date":"2013-03-26T07:45:11","date_gmt":"2013-03-26T07:45:11","guid":{"rendered":"http:\/\/lions-hn-franken.de\/?page_id=15"},"modified":"2025-06-27T09:40:56","modified_gmt":"2025-06-27T07:40:56","slug":"unser-club","status":"publish","type":"page","link":"https:\/\/lions-hn-franken.de\/?page_id=15","title":{"rendered":"Unser Club"},"content":{"rendered":"<p>Der Vorstand des Lions Club Heilbronn-Franken im 52. Lionsjahr 2025\/2026<\/p>\n<p>Pr\u00e4sident: Harry Mergel<\/p>\n<p>Vize-Pr\u00e4sident: Christoph Tro\u00dfbach<\/p>\n<p>Past-Pr\u00e4sident: Harald L\u00f6ffler<\/p>\n<p>Schatzmeister: Rudolf Zipf<\/p>\n<p>Sekret\u00e4r:\u00a0Matthias Treiber<\/p>\n","protected":false},"excerpt":{"rendered":"<p>Der Vorstand des Lions Club Heilbronn-Franken im 52. Lionsjahr 2025\/2026 Pr\u00e4sident: Harry Mergel Vize-Pr\u00e4sident: Christoph Tro\u00dfbach Past-Pr\u00e4sident: Harald L\u00f6ffler Schatzmeister: Rudolf Zipf Sekret\u00e4r:\u00a0Matthias Treiber<\/p>\n","protected":false},"author":30,"featured_media":0,"parent":0,"menu_order":2,"comment_status":"closed","ping_status":"closed","template":"","meta":{"footnotes":""},"class_list":["post-15","page","type-page","status-publish","hentry"],"_links":{"self":[{"href":"https:\/\/lions-hn-franken.de\/index.php?rest_route=\/wp\/v2\/pages\/15","targetHints":{"allow":["GET"]}}],"collection":[{"href":"https:\/\/lions-hn-franken.de\/index.php?rest_route=\/wp\/v2\/pages"}],"about":[{"href":"https:\/\/lions-hn-franken.de\/index.php?rest_route=\/wp\/v2\/types\/page"}],"author":[{"embeddable":true,"href":"https:\/\/lions-hn-franken.de\/index.php?rest_route=\/wp\/v2\/users\/30"}],"replies":[{"embeddable":true,"href":"https:\/\/lions-hn-franken.de\/index.php?rest_route=%2Fwp%2Fv2%2Fcomments&post=15"}],"version-history":[{"count":23,"href":"https:\/\/lions-hn-franken.de\/index.php?rest_route=\/wp\/v2\/pages\/15\/revisions"}],"predecessor-version":[{"id":5345,"href":"https:\/\/lions-hn-franken.de\/index.php?rest_route=\/wp\/v2\/pages\/15\/revisions\/5345"}],"wp:attachment":[{"href":"https:\/\/lions-hn-franken.de\/index.php?rest_route=%2Fwp%2Fv2%2Fmedia&parent=15"}],"curies":[{"name":"wp","href":"https:\/\/api.w.org\/{rel}","templated":true}]}}