{"id":17,"date":"2013-03-26T07:45:45","date_gmt":"2013-03-26T07:45:45","guid":{"rendered":"http:\/\/lions-hn-franken.de\/?page_id=17"},"modified":"2013-04-09T14:18:41","modified_gmt":"2013-04-09T14:18:41","slug":"ziele","status":"publish","type":"page","link":"https:\/\/lions-hn-franken.de\/?page_id=17","title":{"rendered":"Ziele"},"content":{"rendered":"<p>Seit 1917 stehen Lions im Dienst der Weltbev\u00f6lkerung. Durch harte Arbeit und mit viel Engagement setzen sie sich daf\u00fcr ein, das Leben von Menschen auf der ganzen Welt zu verbessern. Lions Clubs International ist mit \u00fcber 1.4 Millionen Mitgliedern und mehr als 44.800 Clubs in 188 L\u00e4ndern und geografischen Gebieten vertreten und damit die gr\u00f6\u00dfte Club-Hilfsdienstorganisation der Welt. Lions erfahren weltweite Anerkennung f\u00fcr ihr Engagement im Bereich der Blinden- und Sehbehindertenhilfe.<\/p>\n<p>&nbsp;<\/p>\n<p>Lions sind \u2026<\/p>\n<p>Mitglieder in der gr\u00f6\u00dften und aktivsten Hilfsdienstorganisation der Welt,<br \/>\nM\u00e4nner und Frauen, die sich bewusst sind, dass sie gemeinsam weitaus mehr erreichen k\u00f6nnen, als es ihnen allein m\u00f6glich w\u00e4re<br \/>\nMitglieder, die sich verpflichtet haben, zur L\u00f6sung weltweiter Gesundheits- und Sozialprobleme beizutragen und die wissen, dass L\u00f6sungen m\u00f6glich sind, wenn jeder Lion seinen Teil dazu beitr\u00e4gt.<\/p>\n","protected":false},"excerpt":{"rendered":"<p>Seit 1917 stehen Lions im Dienst der Weltbev\u00f6lkerung. Durch harte Arbeit und mit viel Engagement setzen sie sich daf\u00fcr ein, das Leben von Menschen auf der ganzen Welt zu verbessern. Lions Clubs International ist mit \u00fcber 1.4 Millionen Mitgliedern und mehr als 44.800 Clubs in 188 L\u00e4ndern und geografischen Gebieten vertreten und damit die gr\u00f6\u00dfte [&hellip;]<\/p>\n","protected":false},"author":30,"featured_media":0,"parent":0,"menu_order":3,"comment_status":"open","ping_status":"open","template":"","meta":{"footnotes":""},"class_list":["post-17","page","type-page","status-publish","hentry"],"_links":{"self":[{"href":"https:\/\/lions-hn-franken.de\/index.php?rest_route=\/wp\/v2\/pages\/17","targetHints":{"allow":["GET"]}}],"collection":[{"href":"https:\/\/lions-hn-franken.de\/index.php?rest_route=\/wp\/v2\/pages"}],"about":[{"href":"https:\/\/lions-hn-franken.de\/index.php?rest_route=\/wp\/v2\/types\/page"}],"author":[{"embeddable":true,"href":"https:\/\/lions-hn-franken.de\/index.php?rest_route=\/wp\/v2\/users\/30"}],"replies":[{"embeddable":true,"href":"https:\/\/lions-hn-franken.de\/index.php?rest_route=%2Fwp%2Fv2%2Fcomments&post=17"}],"version-history":[{"count":2,"href":"https:\/\/lions-hn-franken.de\/index.php?rest_route=\/wp\/v2\/pages\/17\/revisions"}],"predecessor-version":[{"id":126,"href":"https:\/\/lions-hn-franken.de\/index.php?rest_route=\/wp\/v2\/pages\/17\/revisions\/126"}],"wp:attachment":[{"href":"https:\/\/lions-hn-franken.de\/index.php?rest_route=%2Fwp%2Fv2%2Fmedia&parent=17"}],"curies":[{"name":"wp","href":"https:\/\/api.w.org\/{rel}","templated":true}]}}