{"id":21,"date":"2013-03-26T07:46:43","date_gmt":"2013-03-26T07:46:43","guid":{"rendered":"http:\/\/lions-hn-franken.de\/?page_id=21"},"modified":"2017-02-10T09:51:15","modified_gmt":"2017-02-10T07:51:15","slug":"engagement","status":"publish","type":"page","link":"https:\/\/lions-hn-franken.de\/?page_id=21","title":{"rendered":"Engagement"},"content":{"rendered":"<p>Der Lions Club Heilbronn-Franken unterst\u00fctzt traditionell humanit\u00e4re, soziale und gemeinn\u00fctzige Organisationen aus unserer Region, u.a.<\/p>\n<p>&nbsp;<\/p>\n<!-- This imagemap inserted by Gwyn's Imagemap Selector http:\/\/gwynethllewelyn.net\/gwyns-imagemap-selector\/ -->\n<img src='http:\/\/lions-hn-franken.de\/wp-content\/uploads\/2013\/03\/projekte.jpg' usemap='#imgmap_css_container_imgmap2013226161228' class='gwyn-image' alt='Imagemap alt' id='img-imgmap2013226161228' \/>\n<map id='imgmap2013226161228' name='imgmap_css_container_imgmap2013226161228'>\n\t<area shape=\"rect\" coords=\"41,151,226,207\" href=\"http:\/\/www.s\u00fcdstadtkids-heilbronn.de\/\" alt=\"imgmap2013226161228-0\" title=\"imgmap2013226161228-0\" target=\"_self\" class=\"imgmap2013226161228-area\" id=\"imgmap2013226161228-area-0\" \/>\n\t<area shape=\"rect\" coords=\"272,177,428,261\" href=\"#\" alt=\"imgmap2013226161228-1\" title=\"imgmap2013226161228-1\" target=\"_self\" class=\"imgmap2013226161228-area\" id=\"imgmap2013226161228-area-1\" \/>\n\t<area shape=\"rect\" coords=\"4,48,150,132\" href=\"http:\/\/www.ghfkh.de\/\" alt=\"imgmap2013226161228-2\" title=\"imgmap2013226161228-2\" target=\"_self\" class=\"imgmap2013226161228-area\" id=\"imgmap2013226161228-area-2\" \/>\n\t<area shape=\"rect\" coords=\"457,93,591,207\" href=\"#\" alt=\"imgmap2013226161228-3\" title=\"imgmap2013226161228-3\" target=\"_self\" class=\"imgmap2013226161228-area\" id=\"imgmap2013226161228-area-3\" \/>\n\t<area shape=\"rect\" coords=\"596,20,823,107\" href=\"#\" alt=\"imgmap2013226161228-4\" title=\"imgmap2013226161228-4\" target=\"_self\" class=\"imgmap2013226161228-area\" id=\"imgmap2013226161228-area-4\" \/>\n\t<area shape=\"rect\" coords=\"626,126,825,247\" href=\"#\" alt=\"imgmap2013226161228-5\" title=\"imgmap2013226161228-5\" target=\"_self\" class=\"imgmap2013226161228-area\" id=\"imgmap2013226161228-area-5\" \/>\n\t<area shape=\"rect\" coords=\"441,249,548,336\" href=\"#\" alt=\"imgmap2013226161228-6\" title=\"imgmap2013226161228-6\" target=\"_self\" class=\"imgmap2013226161228-area\" id=\"imgmap2013226161228-area-6\" \/>\n\t<area shape=\"rect\" coords=\"23,229,236,387\" href=\"#\" alt=\"imgmap2013226161228-7\" title=\"imgmap2013226161228-7\" target=\"_self\" class=\"imgmap2013226161228-area\" id=\"imgmap2013226161228-area-7\" \/>\n\t<area shape=\"rect\" coords=\"254,362,520,431\" href=\"#\" alt=\"imgmap2013226161228-8\" title=\"imgmap2013226161228-8\" target=\"_self\" class=\"imgmap2013226161228-area\" id=\"imgmap2013226161228-area-8\" \/>\n\t<area shape=\"rect\" coords=\"599,270,863,432\" href=\"#\" alt=\"imgmap2013226161228-9\" title=\"imgmap2013226161228-9\" target=\"_self\" class=\"imgmap2013226161228-area\" id=\"imgmap2013226161228-area-9\" \/>\n<\/map>\n\n<p>www.lions.de<\/p>\n<p>www.lions-club-heilbronn-wartberg.de<\/p>\n<p>www.lionsclub-heilbronn.de<\/p>\n","protected":false},"excerpt":{"rendered":"<p>Der Lions Club Heilbronn-Franken unterst\u00fctzt traditionell humanit\u00e4re, soziale und gemeinn\u00fctzige Organisationen aus unserer Region, u.a. &nbsp; www.lions.de www.lions-club-heilbronn-wartberg.de www.lionsclub-heilbronn.de<\/p>\n","protected":false},"author":30,"featured_media":0,"parent":0,"menu_order":5,"comment_status":"open","ping_status":"open","template":"","meta":{"footnotes":""},"class_list":["post-21","page","type-page","status-publish","hentry"],"_links":{"self":[{"href":"https:\/\/lions-hn-franken.de\/index.php?rest_route=\/wp\/v2\/pages\/21","targetHints":{"allow":["GET"]}}],"collection":[{"href":"https:\/\/lions-hn-franken.de\/index.php?rest_route=\/wp\/v2\/pages"}],"about":[{"href":"https:\/\/lions-hn-franken.de\/index.php?rest_route=\/wp\/v2\/types\/page"}],"author":[{"embeddable":true,"href":"https:\/\/lions-hn-franken.de\/index.php?rest_route=\/wp\/v2\/users\/30"}],"replies":[{"embeddable":true,"href":"https:\/\/lions-hn-franken.de\/index.php?rest_route=%2Fwp%2Fv2%2Fcomments&post=21"}],"version-history":[{"count":4,"href":"https:\/\/lions-hn-franken.de\/index.php?rest_route=\/wp\/v2\/pages\/21\/revisions"}],"predecessor-version":[{"id":78,"href":"https:\/\/lions-hn-franken.de\/index.php?rest_route=\/wp\/v2\/pages\/21\/revisions\/78"}],"wp:attachment":[{"href":"https:\/\/lions-hn-franken.de\/index.php?rest_route=%2Fwp%2Fv2%2Fmedia&parent=21"}],"curies":[{"name":"wp","href":"https:\/\/api.w.org\/{rel}","templated":true}]}}